{"id":1189,"date":"2024-09-29T11:51:59","date_gmt":"2024-09-29T11:51:59","guid":{"rendered":"https:\/\/kullboviken.se\/?page_id=1189"},"modified":"2024-11-05T08:56:37","modified_gmt":"2024-11-05T08:56:37","slug":"dokument","status":"publish","type":"page","link":"https:\/\/kullboviken.se\/?page_id=1189","title":{"rendered":"Dokument"},"content":{"rendered":"\n<p>P\u00e5 denna sida finner du diverse dokument kopplade till f\u00f6reningen.<\/p>\n\n\n\n<h2>\u00c5rsm\u00f6ten<\/h2>\n\n\n\n<p><a href=\"https:\/\/kullboviken.se\/wp-content\/uploads\/2024\/09\/2021-09-11-Protokoll-arsmote.pdf\">\u00c5rsm\u00f6tesprotokoll 2021<\/a><\/p>\n\n\n\n<p><a href=\"https:\/\/kullboviken.se\/wp-content\/uploads\/2024\/09\/2022-09-03-Protokollarsmote-Kullbovikens-vattenvardsforening-4.pdf\">\u00c5rsm\u00f6tesprotokoll 2022<\/a><\/p>\n\n\n\n<p><a href=\"https:\/\/kullboviken.se\/wp-content\/uploads\/2024\/09\/2022-09-03-Protokollarsmote-Kullbovikens-vattenvardsforening-4.pdf\">\u00c5rsm\u00f6tesprotokoll 2023<\/a><\/p>\n\n\n\n<p><a href=\"https:\/\/kullboviken.se\/wp-content\/uploads\/2024\/11\/2024-09-21-Protokollarsmote_Justerat.pdf\" data-type=\"URL\" data-id=\"https:\/\/kullboviken.se\/wp-content\/uploads\/2024\/11\/2024-09-21-Protokollarsmote_Justerat.pdf\">\u00c5rsm\u00f6tesprotokoll 2024<\/a><\/p>\n\n\n\n<p><\/p>\n\n\n\n<h2>Diverse informationsblad mm<\/h2>\n\n\n\n<p><\/p>\n\n\n\n<p><\/p>\n\n\n\n<h2>Styrdokument etc,<\/h2>\n\n\n\n<p><a href=\"https:\/\/kullboviken.se\/wp-content\/uploads\/2024\/10\/Rutin-vasslagning-beslutad.pdf\">Rutin l\u00f6pande underh\u00e5ll i Kullboviken<\/a> (dokument som beskriver tillv\u00e4gag\u00e5ngs\u00e4tt mm f\u00f6r arbete.<\/p>\n\n\n\n<p><\/p>\n","protected":false},"excerpt":{"rendered":"<p>P\u00e5 denna sida finner du diverse dokument kopplade till f\u00f6reningen. \u00c5rsm\u00f6ten \u00c5rsm\u00f6tesprotokoll 2021 \u00c5rsm\u00f6tesprotokoll 2022 \u00c5rsm\u00f6tesprotokoll 2023 \u00c5rsm\u00f6tesprotokoll 2024 Diverse informationsblad mm Styrdokument etc, Rutin l\u00f6pande underh\u00e5ll i Kullboviken (dokument som beskriver tillv\u00e4gag\u00e5ngs\u00e4tt mm f\u00f6r arbete.<\/p>\n","protected":false},"author":1,"featured_media":0,"parent":0,"menu_order":0,"comment_status":"closed","ping_status":"closed","template":"","meta":[],"_links":{"self":[{"href":"https:\/\/kullboviken.se\/index.php?rest_route=\/wp\/v2\/pages\/1189"}],"collection":[{"href":"https:\/\/kullboviken.se\/index.php?rest_route=\/wp\/v2\/pages"}],"about":[{"href":"https:\/\/kullboviken.se\/index.php?rest_route=\/wp\/v2\/types\/page"}],"author":[{"embeddable":true,"href":"https:\/\/kullboviken.se\/index.php?rest_route=\/wp\/v2\/users\/1"}],"replies":[{"embeddable":true,"href":"https:\/\/kullboviken.se\/index.php?rest_route=%2Fwp%2Fv2%2Fcomments&post=1189"}],"version-history":[{"count":9,"href":"https:\/\/kullboviken.se\/index.php?rest_route=\/wp\/v2\/pages\/1189\/revisions"}],"predecessor-version":[{"id":1210,"href":"https:\/\/kullboviken.se\/index.php?rest_route=\/wp\/v2\/pages\/1189\/revisions\/1210"}],"wp:attachment":[{"href":"https:\/\/kullboviken.se\/index.php?rest_route=%2Fwp%2Fv2%2Fmedia&parent=1189"}],"curies":[{"name":"wp","href":"https:\/\/api.w.org\/{rel}","templated":true}]}}