{"id":313,"date":"2022-04-05T18:02:17","date_gmt":"2022-04-05T18:02:17","guid":{"rendered":"https:\/\/kullboviken.se\/?page_id=313"},"modified":"2022-07-17T19:18:18","modified_gmt":"2022-07-17T19:18:18","slug":"foreningens-historia","status":"publish","type":"page","link":"https:\/\/kullboviken.se\/?page_id=313","title":{"rendered":"F\u00f6reningen"},"content":{"rendered":"<p><\/p>\n<p>P\u00e5 sidorna under denna meny hittar du information om vattenv\u00e5rdsf\u00f6reningen.<\/p>\n<figure>\n<figure><img loading=\"lazy\" src=\"https:\/\/kullboviken.se\/wp-content\/uploads\/2020\/06\/20BF671B-2D49-4038-923F-5F1B3BEA89FF_1_105_c-1024x768.jpeg\" alt=\"\" width=\"870\" height=\"653\" data-id=\"246\" data-full-url=\"https:\/\/kullboviken.se\/wp-content\/uploads\/2020\/06\/20BF671B-2D49-4038-923F-5F1B3BEA89FF_1_105_c.jpeg\" data-link=\"https:\/\/kullboviken.se\/?attachment_id=246\" \/><\/figure>\n<p>\u00a0<\/p>\n<ul>\n<li>\u00a0<\/li>\n<\/ul>\n<\/figure>\n<p><\/p>\n<p><\/p>\n<p><\/p>","protected":false},"excerpt":{"rendered":"<p>P\u00e5 sidorna under denna meny hittar du information om vattenv\u00e5rdsf\u00f6reningen. \u00a0 \u00a0<\/p>\n","protected":false},"author":1,"featured_media":0,"parent":0,"menu_order":0,"comment_status":"closed","ping_status":"closed","template":"elementor_theme","meta":[],"_links":{"self":[{"href":"https:\/\/kullboviken.se\/index.php?rest_route=\/wp\/v2\/pages\/313"}],"collection":[{"href":"https:\/\/kullboviken.se\/index.php?rest_route=\/wp\/v2\/pages"}],"about":[{"href":"https:\/\/kullboviken.se\/index.php?rest_route=\/wp\/v2\/types\/page"}],"author":[{"embeddable":true,"href":"https:\/\/kullboviken.se\/index.php?rest_route=\/wp\/v2\/users\/1"}],"replies":[{"embeddable":true,"href":"https:\/\/kullboviken.se\/index.php?rest_route=%2Fwp%2Fv2%2Fcomments&post=313"}],"version-history":[{"count":8,"href":"https:\/\/kullboviken.se\/index.php?rest_route=\/wp\/v2\/pages\/313\/revisions"}],"predecessor-version":[{"id":793,"href":"https:\/\/kullboviken.se\/index.php?rest_route=\/wp\/v2\/pages\/313\/revisions\/793"}],"wp:attachment":[{"href":"https:\/\/kullboviken.se\/index.php?rest_route=%2Fwp%2Fv2%2Fmedia&parent=313"}],"curies":[{"name":"wp","href":"https:\/\/api.w.org\/{rel}","templated":true}]}}